{"id":38,"date":"2021-03-24T12:31:33","date_gmt":"2021-03-24T11:31:33","guid":{"rendered":"https:\/\/musliplus.com\/blog\/?page_id=38"},"modified":"2022-02-17T09:39:45","modified_gmt":"2022-02-17T08:39:45","slug":"kontakt","status":"publish","type":"page","link":"https:\/\/musliplus.com\/blog\/kontakt\/","title":{"rendered":"Kontakt"},"content":{"rendered":"<p>[vc_row css=&#8221;.vc_custom_1617704243218{margin-top: 80px !important;}&#8221;][vc_column width=&#8221;1\/3&#8243;][vc_column_text]<\/p>\n<div class=\"contact-rich\">\n<h4>Informacja o sklepie<\/h4>\n<div class=\"block\">\n<div class=\"icon\"><i class=\"material-icons\">\ue55f<\/i><\/div>\n<div class=\"data\">Idealny pomys\u0142 na zdrowe i pyszne \u015bniadanie<br \/>\nGliwicka 35<br \/>\n42-600 Tarnowskie G\u00f3ry<br \/>\nPoland<\/div>\n<\/div>\n<hr \/>\n<div class=\"block\">\n<div class=\"icon\"><i class=\"material-icons\">\ue0cd<\/i><\/div>\n<div class=\"data\">Zadzwo\u0144 do nas:<br \/>\n<a href=\"tel:+48 504 198 240\">+48 504 198 240<\/a><\/div>\n<\/div>\n<hr \/>\n<div class=\"block\">\n<div class=\"icon\"><i class=\"material-icons\">\ue158<\/i><\/div>\n<div class=\"data email\">Napisz do nas:<\/div>\n<p><a href=\"mailto:kontakt@mojemusli.pl\">kontakt@mojemusli.pl<\/a><\/p>\n<\/div>\n<\/div>\n<p>[\/vc_column_text][\/vc_column][vc_column width=&#8221;2\/3&#8243; css=&#8221;.vc_custom_1617704300923{margin-left: 30px !important;}&#8221;]<div role=\"form\" class=\"wpcf7\" id=\"wpcf7-f249-o1\" lang=\"pl-PL\" dir=\"ltr\">\n<div class=\"screen-reader-response\"><p role=\"status\" aria-live=\"polite\" aria-atomic=\"true\"><\/p> <ul><\/ul><\/div>\n<form action=\"\/blog\/wp-json\/wp\/v2\/pages\/38#wpcf7-f249-o1\" method=\"post\" class=\"wpcf7-form init\" novalidate=\"novalidate\" data-status=\"init\">\n<div style=\"display: none;\">\n<input type=\"hidden\" name=\"_wpcf7\" value=\"249\" \/>\n<input type=\"hidden\" name=\"_wpcf7_version\" value=\"5.6.4\" \/>\n<input type=\"hidden\" name=\"_wpcf7_locale\" value=\"pl_PL\" \/>\n<input type=\"hidden\" name=\"_wpcf7_unit_tag\" value=\"wpcf7-f249-o1\" \/>\n<input type=\"hidden\" name=\"_wpcf7_container_post\" value=\"0\" \/>\n<input type=\"hidden\" name=\"_wpcf7_posted_data_hash\" value=\"\" \/>\n<\/div>\n<p><label> Twoje imi\u0119<br \/>\n    <span class=\"wpcf7-form-control-wrap\" data-name=\"your-name\"><input type=\"text\" name=\"your-name\" value=\"\" size=\"40\" class=\"wpcf7-form-control wpcf7-text wpcf7-validates-as-required\" aria-required=\"true\" aria-invalid=\"false\" \/><\/span> <\/label><\/p>\n<p><label> Tw\u00f3j e-mail<br \/>\n    <span class=\"wpcf7-form-control-wrap\" data-name=\"your-email\"><input type=\"email\" name=\"your-email\" value=\"\" size=\"40\" class=\"wpcf7-form-control wpcf7-text wpcf7-email wpcf7-validates-as-required wpcf7-validates-as-email\" aria-required=\"true\" aria-invalid=\"false\" \/><\/span> <\/label><\/p>\n<p><label> Temat<br \/>\n    <span class=\"wpcf7-form-control-wrap\" data-name=\"your-subject\"><input type=\"text\" name=\"your-subject\" value=\"\" size=\"40\" class=\"wpcf7-form-control wpcf7-text wpcf7-validates-as-required\" aria-required=\"true\" aria-invalid=\"false\" \/><\/span> <\/label><\/p>\n<p><label>Wiadomo\u015b\u0107<br \/>\n    <span class=\"wpcf7-form-control-wrap\" data-name=\"your-message\"><textarea name=\"your-message\" cols=\"40\" rows=\"10\" class=\"wpcf7-form-control wpcf7-textarea\" aria-invalid=\"false\"><\/textarea><\/span> <\/label><\/p>\n<p><input type=\"submit\" value=\"Wy\u015blij\" class=\"wpcf7-form-control has-spinner wpcf7-submit\" \/><\/p>\n<div class=\"wpcf7-response-output\" aria-hidden=\"true\"><\/div><\/form><\/div>[\/vc_column][\/vc_row]<\/p>\n","protected":false},"excerpt":{"rendered":"<p>[vc_row css=&#8221;.vc_custom_1617704243218{margin-top: 80px !important;}&#8221;][vc_column width=&#8221;1\/3&#8243;][vc_column_text] Informacja o sklepie \ue55f Idealny pomys\u0142 na zdrowe i pyszne \u015bniadanie Gliwicka 35 42-600 Tarnowskie G\u00f3ry Poland \ue0cd Zadzwo\u0144 do nas: +48 504 198 240 \ue158 Napisz do nas: kontakt@mojemusli.pl [\/vc_column_text][\/vc_column][vc_column width=&#8221;2\/3&#8243; css=&#8221;.vc_custom_1617704300923{margin-left: 30px !important;}&#8221;][\/vc_column][\/vc_row]<\/p>\n","protected":false},"author":1,"featured_media":0,"parent":0,"menu_order":0,"comment_status":"closed","ping_status":"closed","template":"","meta":{"_monsterinsights_skip_tracking":false,"_monsterinsights_sitenote_active":false,"_monsterinsights_sitenote_note":"","_monsterinsights_sitenote_category":0,"footnotes":""},"class_list":["post-38","page","type-page","status-publish","hentry"],"yoast_head":"<!-- This site is optimized with the Yoast SEO plugin v22.2 - https:\/\/yoast.com\/wordpress\/plugins\/seo\/ -->\n<title>Kontakt - Mojemusli<\/title>\n<meta name=\"description\" content=\"Idealny pomys\u0142 na zdrowe i pyszne \u015bniadanie? Skontaktuj si\u0119 z nami i wprowad\u017a zdrowe nawyki do swojego \u017cycia!\" \/>\n<meta name=\"robots\" content=\"index, follow, max-snippet:-1, max-image-preview:large, max-video-preview:-1\" \/>\n<link rel=\"canonical\" href=\"https:\/\/musliplus.com\/blog\/kontakt\/\" \/>\n<meta property=\"og:locale\" content=\"pl_PL\" \/>\n<meta property=\"og:type\" content=\"article\" \/>\n<meta property=\"og:title\" content=\"Kontakt - Mojemusli\" \/>\n<meta property=\"og:description\" content=\"Idealny pomys\u0142 na zdrowe i pyszne \u015bniadanie? Skontaktuj si\u0119 z nami i wprowad\u017a zdrowe nawyki do swojego \u017cycia!\" \/>\n<meta property=\"og:url\" content=\"https:\/\/musliplus.com\/blog\/kontakt\/\" \/>\n<meta property=\"og:site_name\" content=\"Mojemusli\" \/>\n<meta property=\"article:publisher\" content=\"https:\/\/www.facebook.com\/mojemusli\" \/>\n<meta property=\"article:modified_time\" content=\"2022-02-17T08:39:45+00:00\" \/>\n<meta name=\"twitter:card\" content=\"summary_large_image\" \/>\n<script type=\"application\/ld+json\" class=\"yoast-schema-graph\">{\"@context\":\"https:\/\/schema.org\",\"@graph\":[{\"@type\":\"WebPage\",\"@id\":\"https:\/\/musliplus.com\/blog\/kontakt\/\",\"url\":\"https:\/\/musliplus.com\/blog\/kontakt\/\",\"name\":\"Kontakt - Mojemusli\",\"isPartOf\":{\"@id\":\"https:\/\/musliplus.com\/blog\/#website\"},\"datePublished\":\"2021-03-24T11:31:33+00:00\",\"dateModified\":\"2022-02-17T08:39:45+00:00\",\"description\":\"Idealny pomys\u0142 na zdrowe i pyszne \u015bniadanie? Skontaktuj si\u0119 z nami i wprowad\u017a zdrowe nawyki do swojego \u017cycia!\",\"breadcrumb\":{\"@id\":\"https:\/\/musliplus.com\/blog\/kontakt\/#breadcrumb\"},\"inLanguage\":\"pl-PL\",\"potentialAction\":[{\"@type\":\"ReadAction\",\"target\":[\"https:\/\/musliplus.com\/blog\/kontakt\/\"]}]},{\"@type\":\"BreadcrumbList\",\"@id\":\"https:\/\/musliplus.com\/blog\/kontakt\/#breadcrumb\",\"itemListElement\":[{\"@type\":\"ListItem\",\"position\":1,\"name\":\"Strona g\u0142\u00f3wna\",\"item\":\"https:\/\/musliplus.com\/blog\/\"},{\"@type\":\"ListItem\",\"position\":2,\"name\":\"Kontakt\"}]},{\"@type\":\"WebSite\",\"@id\":\"https:\/\/musliplus.com\/blog\/#website\",\"url\":\"https:\/\/musliplus.com\/blog\/\",\"name\":\"Mojemusli\",\"description\":\"Najlepsze przepisy na zdrowe \u015bniadania i desery\",\"potentialAction\":[{\"@type\":\"SearchAction\",\"target\":{\"@type\":\"EntryPoint\",\"urlTemplate\":\"https:\/\/musliplus.com\/blog\/?s={search_term_string}\"},\"query-input\":\"required name=search_term_string\"}],\"inLanguage\":\"pl-PL\"}]}<\/script>\n<!-- \/ Yoast SEO plugin. -->","yoast_head_json":{"title":"Kontakt - Mojemusli","description":"Idealny pomys\u0142 na zdrowe i pyszne \u015bniadanie? Skontaktuj si\u0119 z nami i wprowad\u017a zdrowe nawyki do swojego \u017cycia!","robots":{"index":"index","follow":"follow","max-snippet":"max-snippet:-1","max-image-preview":"max-image-preview:large","max-video-preview":"max-video-preview:-1"},"canonical":"https:\/\/musliplus.com\/blog\/kontakt\/","og_locale":"pl_PL","og_type":"article","og_title":"Kontakt - Mojemusli","og_description":"Idealny pomys\u0142 na zdrowe i pyszne \u015bniadanie? Skontaktuj si\u0119 z nami i wprowad\u017a zdrowe nawyki do swojego \u017cycia!","og_url":"https:\/\/musliplus.com\/blog\/kontakt\/","og_site_name":"Mojemusli","article_publisher":"https:\/\/www.facebook.com\/mojemusli","article_modified_time":"2022-02-17T08:39:45+00:00","twitter_card":"summary_large_image","schema":{"@context":"https:\/\/schema.org","@graph":[{"@type":"WebPage","@id":"https:\/\/musliplus.com\/blog\/kontakt\/","url":"https:\/\/musliplus.com\/blog\/kontakt\/","name":"Kontakt - Mojemusli","isPartOf":{"@id":"https:\/\/musliplus.com\/blog\/#website"},"datePublished":"2021-03-24T11:31:33+00:00","dateModified":"2022-02-17T08:39:45+00:00","description":"Idealny pomys\u0142 na zdrowe i pyszne \u015bniadanie? Skontaktuj si\u0119 z nami i wprowad\u017a zdrowe nawyki do swojego \u017cycia!","breadcrumb":{"@id":"https:\/\/musliplus.com\/blog\/kontakt\/#breadcrumb"},"inLanguage":"pl-PL","potentialAction":[{"@type":"ReadAction","target":["https:\/\/musliplus.com\/blog\/kontakt\/"]}]},{"@type":"BreadcrumbList","@id":"https:\/\/musliplus.com\/blog\/kontakt\/#breadcrumb","itemListElement":[{"@type":"ListItem","position":1,"name":"Strona g\u0142\u00f3wna","item":"https:\/\/musliplus.com\/blog\/"},{"@type":"ListItem","position":2,"name":"Kontakt"}]},{"@type":"WebSite","@id":"https:\/\/musliplus.com\/blog\/#website","url":"https:\/\/musliplus.com\/blog\/","name":"Mojemusli","description":"Najlepsze przepisy na zdrowe \u015bniadania i desery","potentialAction":[{"@type":"SearchAction","target":{"@type":"EntryPoint","urlTemplate":"https:\/\/musliplus.com\/blog\/?s={search_term_string}"},"query-input":"required name=search_term_string"}],"inLanguage":"pl-PL"}]}},"_links":{"self":[{"href":"https:\/\/musliplus.com\/blog\/wp-json\/wp\/v2\/pages\/38","targetHints":{"allow":["GET"]}}],"collection":[{"href":"https:\/\/musliplus.com\/blog\/wp-json\/wp\/v2\/pages"}],"about":[{"href":"https:\/\/musliplus.com\/blog\/wp-json\/wp\/v2\/types\/page"}],"author":[{"embeddable":true,"href":"https:\/\/musliplus.com\/blog\/wp-json\/wp\/v2\/users\/1"}],"replies":[{"embeddable":true,"href":"https:\/\/musliplus.com\/blog\/wp-json\/wp\/v2\/comments?post=38"}],"version-history":[{"count":7,"href":"https:\/\/musliplus.com\/blog\/wp-json\/wp\/v2\/pages\/38\/revisions"}],"predecessor-version":[{"id":3898,"href":"https:\/\/musliplus.com\/blog\/wp-json\/wp\/v2\/pages\/38\/revisions\/3898"}],"wp:attachment":[{"href":"https:\/\/musliplus.com\/blog\/wp-json\/wp\/v2\/media?parent=38"}],"curies":[{"name":"wp","href":"https:\/\/api.w.org\/{rel}","templated":true}]}}