{"id":155,"date":"2021-03-30T13:57:22","date_gmt":"2021-03-30T11:57:22","guid":{"rendered":"https:\/\/musliplus.com\/blog\/?page_id=155"},"modified":"2022-02-17T09:36:54","modified_gmt":"2022-02-17T08:36:54","slug":"przepisy","status":"publish","type":"page","link":"https:\/\/musliplus.com\/blog\/przepisy\/","title":{"rendered":"Przepisy"},"content":{"rendered":"<p>[vc_row full_width=&#8221;stretch_row_content_no_spaces&#8221;][vc_column][vc_single_image image=&#8221;125&#8243; img_size=&#8221;full&#8221; alignment=&#8221;center&#8221;][\/vc_column][\/vc_row][vc_row css=&#8221;.vc_custom_1617104568654{margin-top: 50px !important;}&#8221;][vc_column][vc_column_text]<\/p>\n<h2 style=\"text-align: center;\">Nasze przepisy<\/h2>\n<p class=\"block\" style=\"text-align: center;\">Cr\u00e8me de la cr\u00e8me, czyli wyselekcojonowane, najlepsze przepisy na zdrowe smaczne i proste w przygotowaniu specja\u0142y, kt\u00f3rymi zadowolisz nawet najbardziej wymagaj\u0105cych smakoszy!<\/p>\n<p>[\/vc_column_text][vc_basic_grid post_type=&#8221;post&#8221; max_items=&#8221;999&#8243; style=&#8221;lazy&#8221; items_per_page=&#8221;12&#8243; gap=&#8221;20&#8243; item=&#8221;60&#8243; grid_id=&#8221;vc_gid:1622066251272-fc37261b-fb7d-6&#8243; taxonomies=&#8221;6&#8243;][\/vc_column][\/vc_row]<\/p>\n","protected":false},"excerpt":{"rendered":"<p>[vc_row full_width=&#8221;stretch_row_content_no_spaces&#8221;][vc_column][vc_single_image image=&#8221;125&#8243; img_size=&#8221;full&#8221; alignment=&#8221;center&#8221;][\/vc_column][\/vc_row][vc_row css=&#8221;.vc_custom_1617104568654{margin-top: 50px !important;}&#8221;][vc_column][vc_column_text] Nasze przepisy Cr\u00e8me de la cr\u00e8me, czyli wyselekcojonowane, najlepsze przepisy na zdrowe smaczne i proste w przygotowaniu specja\u0142y, kt\u00f3rymi zadowolisz nawet najbardziej wymagaj\u0105cych smakoszy! [\/vc_column_text][vc_basic_grid post_type=&#8221;post&#8221; max_items=&#8221;999&#8243; style=&#8221;lazy&#8221; items_per_page=&#8221;12&#8243; gap=&#8221;20&#8243; item=&#8221;60&#8243; grid_id=&#8221;vc_gid:1622066251272-fc37261b-fb7d-6&#8243; taxonomies=&#8221;6&#8243;][\/vc_column][\/vc_row]<\/p>\n","protected":false},"author":1,"featured_media":0,"parent":0,"menu_order":0,"comment_status":"closed","ping_status":"closed","template":"","meta":{"_monsterinsights_skip_tracking":false,"_monsterinsights_sitenote_active":false,"_monsterinsights_sitenote_note":"","_monsterinsights_sitenote_category":0,"footnotes":""},"class_list":["post-155","page","type-page","status-publish","hentry"],"yoast_head":"<!-- This site is optimized with the Yoast SEO plugin v22.2 - https:\/\/yoast.com\/wordpress\/plugins\/seo\/ -->\n<title>Przepisy - Mojemusli<\/title>\n<meta name=\"description\" content=\"Sprawdzone i pyszne przepisy na potrawy z musli i owoc\u00f3w! Opracowane przez dietetyk\u00f3w i dobre dla Twojej sylwetki, sprawd\u017a nas!\" \/>\n<meta name=\"robots\" content=\"index, follow, max-snippet:-1, max-image-preview:large, max-video-preview:-1\" \/>\n<link rel=\"canonical\" href=\"https:\/\/musliplus.com\/blog\/przepisy\/\" \/>\n<meta property=\"og:locale\" content=\"pl_PL\" \/>\n<meta property=\"og:type\" content=\"article\" \/>\n<meta property=\"og:title\" content=\"Przepisy - Mojemusli\" \/>\n<meta property=\"og:description\" content=\"Sprawdzone i pyszne przepisy na potrawy z musli i owoc\u00f3w! Opracowane przez dietetyk\u00f3w i dobre dla Twojej sylwetki, sprawd\u017a nas!\" \/>\n<meta property=\"og:url\" content=\"https:\/\/musliplus.com\/blog\/przepisy\/\" \/>\n<meta property=\"og:site_name\" content=\"Mojemusli\" \/>\n<meta property=\"article:publisher\" content=\"https:\/\/www.facebook.com\/mojemusli\" \/>\n<meta property=\"article:modified_time\" content=\"2022-02-17T08:36:54+00:00\" \/>\n<meta name=\"twitter:card\" content=\"summary_large_image\" \/>\n<meta name=\"twitter:label1\" content=\"Szacowany czas czytania\" \/>\n\t<meta name=\"twitter:data1\" content=\"1 minuta\" \/>\n<script type=\"application\/ld+json\" class=\"yoast-schema-graph\">{\"@context\":\"https:\/\/schema.org\",\"@graph\":[{\"@type\":\"WebPage\",\"@id\":\"https:\/\/musliplus.com\/blog\/przepisy\/\",\"url\":\"https:\/\/musliplus.com\/blog\/przepisy\/\",\"name\":\"Przepisy - Mojemusli\",\"isPartOf\":{\"@id\":\"https:\/\/musliplus.com\/blog\/#website\"},\"datePublished\":\"2021-03-30T11:57:22+00:00\",\"dateModified\":\"2022-02-17T08:36:54+00:00\",\"description\":\"Sprawdzone i pyszne przepisy na potrawy z musli i owoc\u00f3w! Opracowane przez dietetyk\u00f3w i dobre dla Twojej sylwetki, sprawd\u017a nas!\",\"breadcrumb\":{\"@id\":\"https:\/\/musliplus.com\/blog\/przepisy\/#breadcrumb\"},\"inLanguage\":\"pl-PL\",\"potentialAction\":[{\"@type\":\"ReadAction\",\"target\":[\"https:\/\/musliplus.com\/blog\/przepisy\/\"]}]},{\"@type\":\"BreadcrumbList\",\"@id\":\"https:\/\/musliplus.com\/blog\/przepisy\/#breadcrumb\",\"itemListElement\":[{\"@type\":\"ListItem\",\"position\":1,\"name\":\"Strona g\u0142\u00f3wna\",\"item\":\"https:\/\/musliplus.com\/blog\/\"},{\"@type\":\"ListItem\",\"position\":2,\"name\":\"Przepisy\"}]},{\"@type\":\"WebSite\",\"@id\":\"https:\/\/musliplus.com\/blog\/#website\",\"url\":\"https:\/\/musliplus.com\/blog\/\",\"name\":\"Mojemusli\",\"description\":\"Najlepsze przepisy na zdrowe \u015bniadania i desery\",\"potentialAction\":[{\"@type\":\"SearchAction\",\"target\":{\"@type\":\"EntryPoint\",\"urlTemplate\":\"https:\/\/musliplus.com\/blog\/?s={search_term_string}\"},\"query-input\":\"required name=search_term_string\"}],\"inLanguage\":\"pl-PL\"}]}<\/script>\n<!-- \/ Yoast SEO plugin. -->","yoast_head_json":{"title":"Przepisy - Mojemusli","description":"Sprawdzone i pyszne przepisy na potrawy z musli i owoc\u00f3w! Opracowane przez dietetyk\u00f3w i dobre dla Twojej sylwetki, sprawd\u017a nas!","robots":{"index":"index","follow":"follow","max-snippet":"max-snippet:-1","max-image-preview":"max-image-preview:large","max-video-preview":"max-video-preview:-1"},"canonical":"https:\/\/musliplus.com\/blog\/przepisy\/","og_locale":"pl_PL","og_type":"article","og_title":"Przepisy - Mojemusli","og_description":"Sprawdzone i pyszne przepisy na potrawy z musli i owoc\u00f3w! Opracowane przez dietetyk\u00f3w i dobre dla Twojej sylwetki, sprawd\u017a nas!","og_url":"https:\/\/musliplus.com\/blog\/przepisy\/","og_site_name":"Mojemusli","article_publisher":"https:\/\/www.facebook.com\/mojemusli","article_modified_time":"2022-02-17T08:36:54+00:00","twitter_card":"summary_large_image","twitter_misc":{"Szacowany czas czytania":"1 minuta"},"schema":{"@context":"https:\/\/schema.org","@graph":[{"@type":"WebPage","@id":"https:\/\/musliplus.com\/blog\/przepisy\/","url":"https:\/\/musliplus.com\/blog\/przepisy\/","name":"Przepisy - Mojemusli","isPartOf":{"@id":"https:\/\/musliplus.com\/blog\/#website"},"datePublished":"2021-03-30T11:57:22+00:00","dateModified":"2022-02-17T08:36:54+00:00","description":"Sprawdzone i pyszne przepisy na potrawy z musli i owoc\u00f3w! Opracowane przez dietetyk\u00f3w i dobre dla Twojej sylwetki, sprawd\u017a nas!","breadcrumb":{"@id":"https:\/\/musliplus.com\/blog\/przepisy\/#breadcrumb"},"inLanguage":"pl-PL","potentialAction":[{"@type":"ReadAction","target":["https:\/\/musliplus.com\/blog\/przepisy\/"]}]},{"@type":"BreadcrumbList","@id":"https:\/\/musliplus.com\/blog\/przepisy\/#breadcrumb","itemListElement":[{"@type":"ListItem","position":1,"name":"Strona g\u0142\u00f3wna","item":"https:\/\/musliplus.com\/blog\/"},{"@type":"ListItem","position":2,"name":"Przepisy"}]},{"@type":"WebSite","@id":"https:\/\/musliplus.com\/blog\/#website","url":"https:\/\/musliplus.com\/blog\/","name":"Mojemusli","description":"Najlepsze przepisy na zdrowe \u015bniadania i desery","potentialAction":[{"@type":"SearchAction","target":{"@type":"EntryPoint","urlTemplate":"https:\/\/musliplus.com\/blog\/?s={search_term_string}"},"query-input":"required name=search_term_string"}],"inLanguage":"pl-PL"}]}},"_links":{"self":[{"href":"https:\/\/musliplus.com\/blog\/wp-json\/wp\/v2\/pages\/155","targetHints":{"allow":["GET"]}}],"collection":[{"href":"https:\/\/musliplus.com\/blog\/wp-json\/wp\/v2\/pages"}],"about":[{"href":"https:\/\/musliplus.com\/blog\/wp-json\/wp\/v2\/types\/page"}],"author":[{"embeddable":true,"href":"https:\/\/musliplus.com\/blog\/wp-json\/wp\/v2\/users\/1"}],"replies":[{"embeddable":true,"href":"https:\/\/musliplus.com\/blog\/wp-json\/wp\/v2\/comments?post=155"}],"version-history":[{"count":8,"href":"https:\/\/musliplus.com\/blog\/wp-json\/wp\/v2\/pages\/155\/revisions"}],"predecessor-version":[{"id":1180,"href":"https:\/\/musliplus.com\/blog\/wp-json\/wp\/v2\/pages\/155\/revisions\/1180"}],"wp:attachment":[{"href":"https:\/\/musliplus.com\/blog\/wp-json\/wp\/v2\/media?parent=155"}],"curies":[{"name":"wp","href":"https:\/\/api.w.org\/{rel}","templated":true}]}}